{"id":50,"date":"2025-11-11T13:51:43","date_gmt":"2025-11-11T12:51:43","guid":{"rendered":"https:\/\/emosons.jesushe.2526aw.uchaweb2.es\/?page_id=50"},"modified":"2025-11-11T13:51:43","modified_gmt":"2025-11-11T12:51:43","slug":"presentacion-del-yamaha-p300","status":"publish","type":"page","link":"https:\/\/emosons.jesushe.2526aw.uchaweb2.es\/index.php\/presentacion-del-yamaha-p300\/","title":{"rendered":"Presentacion del Yamaha P300"},"content":{"rendered":"\n<p>El lunes de diciembre nuestro amigo m\u00fasico Felipe P\u00e9rez har\u00e1 una exhibici\u00f3n de las posibilidades del nuevo piano Yamaha P300<\/p>\n\n\n\n<ul class=\"wp-block-list\">\n<li>Teclado de 88 teclas de acci\u00f3n martillo contrapesadas \u2018Graded Hammer Compact\u2019 (GHC)<\/li>\n\n\n\n<li>Generaci\u00f3n de sonido: Yamaha CFIIIS con resonancia de Apagadores<\/li>\n\n\n\n<li>Polifon\u00eda de 64 voces<\/li>\n\n\n\n<li>10 preajustes de instrumentos<\/li>\n\n\n\n<li>50 canciones preestablecidas internas + 303 canciones adicionales para aprender a trav\u00e9s de la aplicaci\u00f3n Smart Pianist<\/li>\n\n\n\n<li>Modo dual\/d\u00fao<\/li>\n\n\n\n<li>4 efectos de reverberaci\u00f3n + Realce de sonido (1 tipo)<\/li>\n\n\n\n<li>2 altavoces integrados de 7 W (dise\u00f1o ovalado de 12 x 8 cm)<\/li>\n\n\n\n<li>Incluye fuente de alimentaci\u00f3n externa de 12 V \/ 1,5 A PA-150B<\/li>\n\n\n\n<li>Salida de auriculares jack est\u00e9reo de 6,3 mm<\/li>\n\n\n\n<li>Entrada para pedal de sustain jack de 6,3 mm<\/li>\n\n\n\n<li>Entrada para unidad de pedal opcional LP-5A (no incluida)<\/li>\n\n\n\n<li>Conexi\u00f3n USB a Host para transferencia de audio y MIDI a PC<\/li>\n\n\n\n<li>Dimensiones: 1326 x 129 x 268 mm (ancho x alto x profundo)<\/li>\n\n\n\n<li>Peso: 11,1 kg<\/li>\n<\/ul>\n\n\n\n<p><\/p>\n","protected":false},"excerpt":{"rendered":"<p>El lunes de diciembre nuestro amigo m\u00fasico Felipe P\u00e9rez har\u00e1 una exhibici\u00f3n de las posibilidades del nuevo piano Yamaha P300<\/p>\n","protected":false},"author":1,"featured_media":0,"parent":0,"menu_order":0,"comment_status":"closed","ping_status":"closed","template":"","meta":{"footnotes":""},"class_list":["post-50","page","type-page","status-publish","hentry","entry"],"_links":{"self":[{"href":"https:\/\/emosons.jesushe.2526aw.uchaweb2.es\/index.php\/wp-json\/wp\/v2\/pages\/50","targetHints":{"allow":["GET"]}}],"collection":[{"href":"https:\/\/emosons.jesushe.2526aw.uchaweb2.es\/index.php\/wp-json\/wp\/v2\/pages"}],"about":[{"href":"https:\/\/emosons.jesushe.2526aw.uchaweb2.es\/index.php\/wp-json\/wp\/v2\/types\/page"}],"author":[{"embeddable":true,"href":"https:\/\/emosons.jesushe.2526aw.uchaweb2.es\/index.php\/wp-json\/wp\/v2\/users\/1"}],"replies":[{"embeddable":true,"href":"https:\/\/emosons.jesushe.2526aw.uchaweb2.es\/index.php\/wp-json\/wp\/v2\/comments?post=50"}],"version-history":[{"count":1,"href":"https:\/\/emosons.jesushe.2526aw.uchaweb2.es\/index.php\/wp-json\/wp\/v2\/pages\/50\/revisions"}],"predecessor-version":[{"id":52,"href":"https:\/\/emosons.jesushe.2526aw.uchaweb2.es\/index.php\/wp-json\/wp\/v2\/pages\/50\/revisions\/52"}],"wp:attachment":[{"href":"https:\/\/emosons.jesushe.2526aw.uchaweb2.es\/index.php\/wp-json\/wp\/v2\/media?parent=50"}],"curies":[{"name":"wp","href":"https:\/\/api.w.org\/{rel}","templated":true}]}}